{"id":26687,"date":"2024-07-03T11:28:03","date_gmt":"2024-07-03T09:28:03","guid":{"rendered":"https:\/\/bg76italia.com\/prodotto\/par-conico-inferior-ad-omega-adriatico-y-huron-z8-23-ref-orig-15-07-2-1010-15-07-1-1010\/"},"modified":"2024-07-03T11:28:03","modified_gmt":"2024-07-03T09:28:03","slug":"par-conico-inferior-ad-omega-adriatico-y-huron-z8-23-ref-orig-15-07-2-1010-15-07-1-1010","status":"publish","type":"product","link":"https:\/\/bg76italia.com\/es\/prodotto\/par-conico-inferior-ad-omega-adriatico-y-huron-z8-23-ref-orig-15-07-2-1010-15-07-1-1010\/","title":{"rendered":"PAR C\u00d3NICO INFERIOR ad. OMEGA ADRI\u00c1TICO Y HUR\u00d3N Z=8\/23 REF. ORIG. 15.07.2.1010 + 15.07.1.1010"},"content":{"rendered":"","protected":false},"excerpt":{"rendered":"","protected":false},"featured_media":24442,"comment_status":"open","ping_status":"closed","template":"","meta":{"om_disable_all_campaigns":false,"_mi_skip_tracking":false,"_monsterinsights_sitenote_active":false,"_monsterinsights_sitenote_note":"","_monsterinsights_sitenote_category":0},"product_cat":[267,247],"product_tag":[],"class_list":{"0":"post-26687","1":"product","2":"type-product","3":"status-publish","4":"has-post-thumbnail","6":"product_cat-adriatica-es","7":"product_cat-motocultores","9":"first","10":"instock","11":"taxable","12":"shipping-taxable","13":"product-type-simple"},"aioseo_notices":[],"_links":{"self":[{"href":"https:\/\/bg76italia.com\/es\/wp-json\/wp\/v2\/product\/26687"}],"collection":[{"href":"https:\/\/bg76italia.com\/es\/wp-json\/wp\/v2\/product"}],"about":[{"href":"https:\/\/bg76italia.com\/es\/wp-json\/wp\/v2\/types\/product"}],"replies":[{"embeddable":true,"href":"https:\/\/bg76italia.com\/es\/wp-json\/wp\/v2\/comments?post=26687"}],"wp:featuredmedia":[{"embeddable":true,"href":"https:\/\/bg76italia.com\/es\/wp-json\/wp\/v2\/media\/24442"}],"wp:attachment":[{"href":"https:\/\/bg76italia.com\/es\/wp-json\/wp\/v2\/media?parent=26687"}],"wp:term":[{"taxonomy":"product_cat","embeddable":true,"href":"https:\/\/bg76italia.com\/es\/wp-json\/wp\/v2\/product_cat?post=26687"},{"taxonomy":"product_tag","embeddable":true,"href":"https:\/\/bg76italia.com\/es\/wp-json\/wp\/v2\/product_tag?post=26687"}],"curies":[{"name":"wp","href":"https:\/\/api.w.org\/{rel}","templated":true}]}}