{"id":33778,"date":"2025-10-10T15:55:07","date_gmt":"2025-10-10T13:55:07","guid":{"rendered":"https:\/\/bg76italia.com\/prodotto\/pinon-ad-valpadana-vmc10-10-cv-z11-para-pinon-z25\/"},"modified":"2025-10-10T15:55:07","modified_gmt":"2025-10-10T13:55:07","slug":"pinon-ad-valpadana-vmc10-10-cv-z11-para-pinon-z25","status":"publish","type":"product","link":"https:\/\/bg76italia.com\/es\/prodotto\/pinon-ad-valpadana-vmc10-10-cv-z11-para-pinon-z25\/","title":{"rendered":"pi\u00f1\u00f3n ad. VALPADANA VMC10 10 CV Z=11 PARA PI\u00d1\u00d3N Z=25"},"content":{"rendered":"","protected":false},"excerpt":{"rendered":"","protected":false},"featured_media":32700,"comment_status":"open","ping_status":"closed","template":"","meta":{"om_disable_all_campaigns":false,"_mi_skip_tracking":false,"_monsterinsights_sitenote_active":false,"_monsterinsights_sitenote_note":"","_monsterinsights_sitenote_category":0},"product_cat":[247,277],"product_tag":[],"class_list":{"0":"post-33778","1":"product","2":"type-product","3":"status-publish","4":"has-post-thumbnail","6":"product_cat-motocultores","7":"product_cat-valpadana-es","9":"first","10":"instock","11":"taxable","12":"shipping-taxable","13":"product-type-simple"},"aioseo_notices":[],"_links":{"self":[{"href":"https:\/\/bg76italia.com\/es\/wp-json\/wp\/v2\/product\/33778"}],"collection":[{"href":"https:\/\/bg76italia.com\/es\/wp-json\/wp\/v2\/product"}],"about":[{"href":"https:\/\/bg76italia.com\/es\/wp-json\/wp\/v2\/types\/product"}],"replies":[{"embeddable":true,"href":"https:\/\/bg76italia.com\/es\/wp-json\/wp\/v2\/comments?post=33778"}],"wp:featuredmedia":[{"embeddable":true,"href":"https:\/\/bg76italia.com\/es\/wp-json\/wp\/v2\/media\/32700"}],"wp:attachment":[{"href":"https:\/\/bg76italia.com\/es\/wp-json\/wp\/v2\/media?parent=33778"}],"wp:term":[{"taxonomy":"product_cat","embeddable":true,"href":"https:\/\/bg76italia.com\/es\/wp-json\/wp\/v2\/product_cat?post=33778"},{"taxonomy":"product_tag","embeddable":true,"href":"https:\/\/bg76italia.com\/es\/wp-json\/wp\/v2\/product_tag?post=33778"}],"curies":[{"name":"wp","href":"https:\/\/api.w.org\/{rel}","templated":true}]}}