{"id":35393,"date":"2023-05-19T09:36:09","date_gmt":"2023-05-19T07:36:09","guid":{"rendered":"https:\/\/bg76italia.com\/prodotto\/tapon-de-plastico-para-ventilacion-de-aceite-ad-lombardini-15ld225-315-350\/"},"modified":"2023-05-19T09:36:09","modified_gmt":"2023-05-19T07:36:09","slug":"tapon-de-plastico-para-ventilacion-de-aceite-ad-lombardini-15ld225-315-350","status":"publish","type":"product","link":"https:\/\/bg76italia.com\/es\/prodotto\/tapon-de-plastico-para-ventilacion-de-aceite-ad-lombardini-15ld225-315-350\/","title":{"rendered":"TAP\u00d3N DE PL\u00c1STICO PARA VENTILACI\u00d3N DE ACEITE ad. LOMBARDINI 15LD225\/315\/350"},"content":{"rendered":"","protected":false},"excerpt":{"rendered":"","protected":false},"featured_media":19906,"comment_status":"open","ping_status":"closed","template":"","meta":{"om_disable_all_campaigns":false,"_mi_skip_tracking":false,"_monsterinsights_sitenote_active":false,"_monsterinsights_sitenote_note":"","_monsterinsights_sitenote_category":0},"product_cat":[259,228,226],"product_tag":[],"class_list":{"0":"post-35393","1":"product","2":"type-product","3":"status-publish","4":"has-post-thumbnail","6":"product_cat-15ld225-15ld315-15ld350-15ld400-15ld440","7":"product_cat-diesel-es","8":"product_cat-lombardini-es","10":"first","11":"instock","12":"taxable","13":"shipping-taxable","14":"product-type-simple"},"aioseo_notices":[],"_links":{"self":[{"href":"https:\/\/bg76italia.com\/es\/wp-json\/wp\/v2\/product\/35393"}],"collection":[{"href":"https:\/\/bg76italia.com\/es\/wp-json\/wp\/v2\/product"}],"about":[{"href":"https:\/\/bg76italia.com\/es\/wp-json\/wp\/v2\/types\/product"}],"replies":[{"embeddable":true,"href":"https:\/\/bg76italia.com\/es\/wp-json\/wp\/v2\/comments?post=35393"}],"wp:featuredmedia":[{"embeddable":true,"href":"https:\/\/bg76italia.com\/es\/wp-json\/wp\/v2\/media\/19906"}],"wp:attachment":[{"href":"https:\/\/bg76italia.com\/es\/wp-json\/wp\/v2\/media?parent=35393"}],"wp:term":[{"taxonomy":"product_cat","embeddable":true,"href":"https:\/\/bg76italia.com\/es\/wp-json\/wp\/v2\/product_cat?post=35393"},{"taxonomy":"product_tag","embeddable":true,"href":"https:\/\/bg76italia.com\/es\/wp-json\/wp\/v2\/product_tag?post=35393"}],"curies":[{"name":"wp","href":"https:\/\/api.w.org\/{rel}","templated":true}]}}