{"id":35406,"date":"2022-10-12T08:27:16","date_gmt":"2022-10-12T06:27:16","guid":{"rendered":"https:\/\/bg76italia.com\/prodotto\/kit-de-extractor-y-valvula-de-extractor-guia-de-valvula-ad-lombardini-lda450-510-3ld510\/"},"modified":"2022-10-12T08:27:16","modified_gmt":"2022-10-12T06:27:16","slug":"kit-de-extractor-y-valvula-de-extractor-guia-de-valvula-ad-lombardini-lda450-510-3ld510","status":"publish","type":"product","link":"https:\/\/bg76italia.com\/es\/prodotto\/kit-de-extractor-y-valvula-de-extractor-guia-de-valvula-ad-lombardini-lda450-510-3ld510\/","title":{"rendered":"KIT DE EXTRACTOR Y V\u00c1LVULA DE EXTRACTOR + GU\u00cdA DE V\u00c1LVULA ad. LOMBARDINI LDA450\/510 3LD510"},"content":{"rendered":"","protected":false},"excerpt":{"rendered":"","protected":false},"featured_media":17830,"comment_status":"open","ping_status":"closed","template":"","meta":{"om_disable_all_campaigns":false,"_mi_skip_tracking":false,"_monsterinsights_sitenote_active":false,"_monsterinsights_sitenote_note":"","_monsterinsights_sitenote_category":0},"product_cat":[228,227,226,198],"product_tag":[],"class_list":{"0":"post-35406","1":"product","2":"type-product","3":"status-publish","4":"has-post-thumbnail","6":"product_cat-diesel-es","7":"product_cat-lda510-3ld510-lda450-es","8":"product_cat-lombardini-es","9":"product_cat-motores","11":"first","12":"instock","13":"taxable","14":"shipping-taxable","15":"product-type-simple"},"aioseo_notices":[],"_links":{"self":[{"href":"https:\/\/bg76italia.com\/es\/wp-json\/wp\/v2\/product\/35406"}],"collection":[{"href":"https:\/\/bg76italia.com\/es\/wp-json\/wp\/v2\/product"}],"about":[{"href":"https:\/\/bg76italia.com\/es\/wp-json\/wp\/v2\/types\/product"}],"replies":[{"embeddable":true,"href":"https:\/\/bg76italia.com\/es\/wp-json\/wp\/v2\/comments?post=35406"}],"wp:featuredmedia":[{"embeddable":true,"href":"https:\/\/bg76italia.com\/es\/wp-json\/wp\/v2\/media\/17830"}],"wp:attachment":[{"href":"https:\/\/bg76italia.com\/es\/wp-json\/wp\/v2\/media?parent=35406"}],"wp:term":[{"taxonomy":"product_cat","embeddable":true,"href":"https:\/\/bg76italia.com\/es\/wp-json\/wp\/v2\/product_cat?post=35406"},{"taxonomy":"product_tag","embeddable":true,"href":"https:\/\/bg76italia.com\/es\/wp-json\/wp\/v2\/product_tag?post=35406"}],"curies":[{"name":"wp","href":"https:\/\/api.w.org\/{rel}","templated":true}]}}