{"id":35460,"date":"2022-10-28T17:33:23","date_gmt":"2022-10-28T15:33:23","guid":{"rendered":"https:\/\/bg76italia.com\/prodotto\/eje-de-transmision-conico-diametro-23mm-version-motorcraft-ad-yanmar-kama-vulcan-zanetti-y-miscellaneo-l100-la186\/"},"modified":"2022-10-28T17:33:23","modified_gmt":"2022-10-28T15:33:23","slug":"eje-de-transmision-conico-diametro-23mm-version-motorcraft-ad-yanmar-kama-vulcan-zanetti-y-miscellaneo-l100-la186","status":"publish","type":"product","link":"https:\/\/bg76italia.com\/es\/prodotto\/eje-de-transmision-conico-diametro-23mm-version-motorcraft-ad-yanmar-kama-vulcan-zanetti-y-miscellaneo-l100-la186\/","title":{"rendered":"EJE DE TRANSMISI\u00d3N C\u00d3NICO DI\u00c1METRO 23mm VERSI\u00d3N MOTORCRAFT ad. YANMAR KAMA VULCAN ZANETTI Y MISCELLANEO L100 LA186"},"content":{"rendered":"","protected":false},"excerpt":{"rendered":"","protected":false},"featured_media":23756,"comment_status":"open","ping_status":"closed","template":"","meta":{"om_disable_all_campaigns":false,"_mi_skip_tracking":false,"_monsterinsights_sitenote_active":false,"_monsterinsights_sitenote_note":"","_monsterinsights_sitenote_category":0},"product_cat":[228,234,198,233],"product_tag":[],"class_list":{"0":"post-35460","1":"product","2":"type-product","3":"status-publish","4":"has-post-thumbnail","6":"product_cat-diesel-es","7":"product_cat-l100-la186-es","8":"product_cat-motores","9":"product_cat-yanmar-fabricado-en-china","11":"first","12":"instock","13":"taxable","14":"shipping-taxable","15":"product-type-simple"},"aioseo_notices":[],"_links":{"self":[{"href":"https:\/\/bg76italia.com\/es\/wp-json\/wp\/v2\/product\/35460"}],"collection":[{"href":"https:\/\/bg76italia.com\/es\/wp-json\/wp\/v2\/product"}],"about":[{"href":"https:\/\/bg76italia.com\/es\/wp-json\/wp\/v2\/types\/product"}],"replies":[{"embeddable":true,"href":"https:\/\/bg76italia.com\/es\/wp-json\/wp\/v2\/comments?post=35460"}],"wp:featuredmedia":[{"embeddable":true,"href":"https:\/\/bg76italia.com\/es\/wp-json\/wp\/v2\/media\/23756"}],"wp:attachment":[{"href":"https:\/\/bg76italia.com\/es\/wp-json\/wp\/v2\/media?parent=35460"}],"wp:term":[{"taxonomy":"product_cat","embeddable":true,"href":"https:\/\/bg76italia.com\/es\/wp-json\/wp\/v2\/product_cat?post=35460"},{"taxonomy":"product_tag","embeddable":true,"href":"https:\/\/bg76italia.com\/es\/wp-json\/wp\/v2\/product_tag?post=35460"}],"curies":[{"name":"wp","href":"https:\/\/api.w.org\/{rel}","templated":true}]}}