{"id":36143,"date":"2022-09-28T15:34:39","date_gmt":"2022-09-28T13:34:39","guid":{"rendered":"https:\/\/bg76italia.com\/prodotto\/eje-de-transmision-conico-diametro-23mm-version-motorcraft-ad-yanmar-kama-vulcan-zanetti-y-miscellaneo-l70-la178\/"},"modified":"2022-09-28T15:34:39","modified_gmt":"2022-09-28T13:34:39","slug":"eje-de-transmision-conico-diametro-23mm-version-motorcraft-ad-yanmar-kama-vulcan-zanetti-y-miscellaneo-l70-la178","status":"publish","type":"product","link":"https:\/\/bg76italia.com\/es\/prodotto\/eje-de-transmision-conico-diametro-23mm-version-motorcraft-ad-yanmar-kama-vulcan-zanetti-y-miscellaneo-l70-la178\/","title":{"rendered":"EJE DE TRANSMISI\u00d3N C\u00d3NICO DI\u00c1METRO 23mm VERSI\u00d3N MOTORCRAFT ad. YANMAR KAMA VULCAN ZANETTI Y MISCELLANEO L70 LA178"},"content":{"rendered":"","protected":false},"excerpt":{"rendered":"","protected":false},"featured_media":23748,"comment_status":"open","ping_status":"closed","template":"","meta":{"om_disable_all_campaigns":false,"_mi_skip_tracking":false,"_monsterinsights_sitenote_active":false,"_monsterinsights_sitenote_note":"","_monsterinsights_sitenote_category":0},"product_cat":[255,233],"product_tag":[],"class_list":{"0":"post-36143","1":"product","2":"type-product","3":"status-publish","4":"has-post-thumbnail","6":"product_cat-l70-la178-es","7":"product_cat-yanmar-fabricado-en-china","9":"first","10":"instock","11":"taxable","12":"shipping-taxable","13":"product-type-simple"},"aioseo_notices":[],"_links":{"self":[{"href":"https:\/\/bg76italia.com\/es\/wp-json\/wp\/v2\/product\/36143"}],"collection":[{"href":"https:\/\/bg76italia.com\/es\/wp-json\/wp\/v2\/product"}],"about":[{"href":"https:\/\/bg76italia.com\/es\/wp-json\/wp\/v2\/types\/product"}],"replies":[{"embeddable":true,"href":"https:\/\/bg76italia.com\/es\/wp-json\/wp\/v2\/comments?post=36143"}],"wp:featuredmedia":[{"embeddable":true,"href":"https:\/\/bg76italia.com\/es\/wp-json\/wp\/v2\/media\/23748"}],"wp:attachment":[{"href":"https:\/\/bg76italia.com\/es\/wp-json\/wp\/v2\/media?parent=36143"}],"wp:term":[{"taxonomy":"product_cat","embeddable":true,"href":"https:\/\/bg76italia.com\/es\/wp-json\/wp\/v2\/product_cat?post=36143"},{"taxonomy":"product_tag","embeddable":true,"href":"https:\/\/bg76italia.com\/es\/wp-json\/wp\/v2\/product_tag?post=36143"}],"curies":[{"name":"wp","href":"https:\/\/api.w.org\/{rel}","templated":true}]}}