{"id":36233,"date":"2022-09-26T14:04:32","date_gmt":"2022-09-26T12:04:32","guid":{"rendered":"https:\/\/bg76italia.com\/prodotto\/tubo-de-conexion-de-tanque-de-recuperacion-de-3-vias-ad-lombardini-15ld315-350-ruggerini-ry-50-70-75-103-110-ref-orig-9375-983\/"},"modified":"2022-09-26T14:04:32","modified_gmt":"2022-09-26T12:04:32","slug":"tubo-de-conexion-de-tanque-de-recuperacion-de-3-vias-ad-lombardini-15ld315-350-ruggerini-ry-50-70-75-103-110-ref-orig-9375-983","status":"publish","type":"product","link":"https:\/\/bg76italia.com\/es\/prodotto\/tubo-de-conexion-de-tanque-de-recuperacion-de-3-vias-ad-lombardini-15ld315-350-ruggerini-ry-50-70-75-103-110-ref-orig-9375-983\/","title":{"rendered":"TUBO DE CONEXI\u00d3N DE TANQUE DE RECUPERACI\u00d3N DE 3 V\u00cdAS ad. LOMBARDINI 15LD315\/350 RUGGERINI RY 50\/70\/75\/103\/110 REF. ORIG.  9375.983"},"content":{"rendered":"","protected":false},"excerpt":{"rendered":"","protected":false},"featured_media":15817,"comment_status":"open","ping_status":"closed","template":"","meta":{"om_disable_all_campaigns":false,"_mi_skip_tracking":false,"_monsterinsights_sitenote_active":false,"_monsterinsights_sitenote_note":"","_monsterinsights_sitenote_category":0},"product_cat":[259,226],"product_tag":[],"class_list":{"0":"post-36233","1":"product","2":"type-product","3":"status-publish","4":"has-post-thumbnail","6":"product_cat-15ld225-15ld315-15ld350-15ld400-15ld440","7":"product_cat-lombardini-es","9":"first","10":"instock","11":"taxable","12":"shipping-taxable","13":"product-type-simple"},"aioseo_notices":[],"_links":{"self":[{"href":"https:\/\/bg76italia.com\/es\/wp-json\/wp\/v2\/product\/36233"}],"collection":[{"href":"https:\/\/bg76italia.com\/es\/wp-json\/wp\/v2\/product"}],"about":[{"href":"https:\/\/bg76italia.com\/es\/wp-json\/wp\/v2\/types\/product"}],"replies":[{"embeddable":true,"href":"https:\/\/bg76italia.com\/es\/wp-json\/wp\/v2\/comments?post=36233"}],"wp:featuredmedia":[{"embeddable":true,"href":"https:\/\/bg76italia.com\/es\/wp-json\/wp\/v2\/media\/15817"}],"wp:attachment":[{"href":"https:\/\/bg76italia.com\/es\/wp-json\/wp\/v2\/media?parent=36233"}],"wp:term":[{"taxonomy":"product_cat","embeddable":true,"href":"https:\/\/bg76italia.com\/es\/wp-json\/wp\/v2\/product_cat?post=36233"},{"taxonomy":"product_tag","embeddable":true,"href":"https:\/\/bg76italia.com\/es\/wp-json\/wp\/v2\/product_tag?post=36233"}],"curies":[{"name":"wp","href":"https:\/\/api.w.org\/{rel}","templated":true}]}}