{"id":36422,"date":"2022-08-23T14:27:30","date_gmt":"2022-08-23T12:27:30","guid":{"rendered":"https:\/\/bg76italia.com\/prodotto\/pinon-conico-ad-pasbo-g72-73-82-83-z10\/"},"modified":"2022-08-23T14:27:30","modified_gmt":"2022-08-23T12:27:30","slug":"pinon-conico-ad-pasbo-g72-73-82-83-z10","status":"publish","type":"product","link":"https:\/\/bg76italia.com\/es\/prodotto\/pinon-conico-ad-pasbo-g72-73-82-83-z10\/","title":{"rendered":"pi\u00f1\u00f3n c\u00f3nico ad. PASBO G72\/73\/82\/83 Z=10"},"content":{"rendered":"","protected":false},"excerpt":{"rendered":"","protected":false},"featured_media":13887,"comment_status":"open","ping_status":"closed","template":"","meta":{"om_disable_all_campaigns":false,"_mi_skip_tracking":false,"_monsterinsights_sitenote_active":false,"_monsterinsights_sitenote_note":"","_monsterinsights_sitenote_category":0},"product_cat":[195],"product_tag":[],"class_list":{"0":"post-36422","1":"product","2":"type-product","3":"status-publish","4":"has-post-thumbnail","6":"product_cat-pasbo-es","8":"first","9":"instock","10":"taxable","11":"shipping-taxable","12":"product-type-simple"},"aioseo_notices":[],"_links":{"self":[{"href":"https:\/\/bg76italia.com\/es\/wp-json\/wp\/v2\/product\/36422"}],"collection":[{"href":"https:\/\/bg76italia.com\/es\/wp-json\/wp\/v2\/product"}],"about":[{"href":"https:\/\/bg76italia.com\/es\/wp-json\/wp\/v2\/types\/product"}],"replies":[{"embeddable":true,"href":"https:\/\/bg76italia.com\/es\/wp-json\/wp\/v2\/comments?post=36422"}],"wp:featuredmedia":[{"embeddable":true,"href":"https:\/\/bg76italia.com\/es\/wp-json\/wp\/v2\/media\/13887"}],"wp:attachment":[{"href":"https:\/\/bg76italia.com\/es\/wp-json\/wp\/v2\/media?parent=36422"}],"wp:term":[{"taxonomy":"product_cat","embeddable":true,"href":"https:\/\/bg76italia.com\/es\/wp-json\/wp\/v2\/product_cat?post=36422"},{"taxonomy":"product_tag","embeddable":true,"href":"https:\/\/bg76italia.com\/es\/wp-json\/wp\/v2\/product_tag?post=36422"}],"curies":[{"name":"wp","href":"https:\/\/api.w.org\/{rel}","templated":true}]}}